	{"id":954,"date":"2025-12-09T14:28:22","date_gmt":"2025-12-09T14:28:22","guid":{"rendered":"https:\/\/fujitsu-airstage.be\/product\/aseh-kmtb-modele-mural-pour-grands-espaces\/"},"modified":"2026-01-02T22:16:19","modified_gmt":"2026-01-02T22:16:19","slug":"aseh-kmtb","status":"publish","type":"product","link":"https:\/\/fujitsu-airstage.be\/fr\/product\/aseh-kmtb\/","title":{"rendered":"ASEH KMTB | Mod\u00e8le Mural pour Grands Espaces"},"author":31,"featured_media":1681,"template":"","meta":{"_acf_changed":false},"product_cat":[44],"class_list":["post-954","product","type-product","status-publish","has-post-thumbnail","hentry","product_cat-mural"],"acf":[],"yoast_head":"<!-- This site is optimized with the Yoast SEO plugin v27.3 - https:\/\/yoast.com\/product\/yoast-seo-wordpress\/ -->\n<title>ASEH KMTB | Mod\u00e8le Mural pour Grands Espaces - Fujitsu Airstage<\/title>\n<meta name=\"description\" content=\"Climatiseur mural puissant A++ pour espaces jusqu&#039;\u00e0 100m\u00b2. \u00c9quip\u00e9 d&#039;un capteur de pr\u00e9sence et programmation hebdomadaire pour bureaux.\" \/>\n<meta name=\"robots\" content=\"index, follow, max-snippet:-1, max-image-preview:large, max-video-preview:-1\" \/>\n<link rel=\"canonical\" href=\"https:\/\/fujitsu-airstage.be\/fr\/product\/aseh-kmtb\/\" \/>\n<meta property=\"og:locale\" content=\"fr_FR\" \/>\n<meta property=\"og:type\" content=\"article\" \/>\n<meta property=\"og:title\" content=\"ASEH KMTB | Mod\u00e8le Mural pour Grands Espaces - Fujitsu Airstage\" \/>\n<meta property=\"og:description\" content=\"Climatiseur mural puissant A++ pour espaces jusqu&#039;\u00e0 100m\u00b2. \u00c9quip\u00e9 d&#039;un capteur de pr\u00e9sence et programmation hebdomadaire pour bureaux.\" \/>\n<meta property=\"og:url\" content=\"https:\/\/fujitsu-airstage.be\/fr\/product\/aseh-kmtb\/\" \/>\n<meta property=\"og:site_name\" content=\"Fujitsu Airstage\" \/>\n<meta property=\"article:modified_time\" content=\"2026-01-02T22:16:19+00:00\" \/>\n<meta property=\"og:image\" content=\"https:\/\/fujitsu-airstage.be\/wp-content\/uploads\/sites\/2\/2025\/12\/KMTB.png\" \/>\n\t<meta property=\"og:image:width\" content=\"800\" \/>\n\t<meta property=\"og:image:height\" content=\"800\" \/>\n\t<meta property=\"og:image:type\" content=\"image\/png\" \/>\n<meta name=\"twitter:card\" content=\"summary_large_image\" \/>\n<meta name=\"twitter:label1\" content=\"Dur\u00e9e de lecture estim\u00e9e\" \/>\n\t<meta name=\"twitter:data1\" content=\"1 minute\" \/>\n<script type=\"application\/ld+json\" class=\"yoast-schema-graph\">{\"@context\":\"https:\\\/\\\/schema.org\",\"@graph\":[{\"@type\":\"WebPage\",\"@id\":\"https:\\\/\\\/fujitsu-airstage.be\\\/fr\\\/product\\\/aseh-kmtb\\\/\",\"url\":\"https:\\\/\\\/fujitsu-airstage.be\\\/fr\\\/product\\\/aseh-kmtb\\\/\",\"name\":\"ASEH KMTB | Mod\u00e8le Mural pour Grands Espaces - Fujitsu Airstage\",\"isPartOf\":{\"@id\":\"https:\\\/\\\/fujitsu-airstage.be\\\/#website\"},\"primaryImageOfPage\":{\"@id\":\"https:\\\/\\\/fujitsu-airstage.be\\\/fr\\\/product\\\/aseh-kmtb\\\/#primaryimage\"},\"image\":{\"@id\":\"https:\\\/\\\/fujitsu-airstage.be\\\/fr\\\/product\\\/aseh-kmtb\\\/#primaryimage\"},\"thumbnailUrl\":\"https:\\\/\\\/fujitsu-airstage.be\\\/wp-content\\\/uploads\\\/sites\\\/2\\\/2025\\\/12\\\/KMTB.png\",\"datePublished\":\"2025-12-09T14:28:22+00:00\",\"dateModified\":\"2026-01-02T22:16:19+00:00\",\"description\":\"Climatiseur mural puissant A++ pour espaces jusqu'\u00e0 100m\u00b2. \u00c9quip\u00e9 d'un capteur de pr\u00e9sence et programmation hebdomadaire pour bureaux.\",\"breadcrumb\":{\"@id\":\"https:\\\/\\\/fujitsu-airstage.be\\\/fr\\\/product\\\/aseh-kmtb\\\/#breadcrumb\"},\"inLanguage\":\"fr-FR\",\"potentialAction\":[{\"@type\":\"ReadAction\",\"target\":[\"https:\\\/\\\/fujitsu-airstage.be\\\/fr\\\/product\\\/aseh-kmtb\\\/\"]}]},{\"@type\":\"ImageObject\",\"inLanguage\":\"fr-FR\",\"@id\":\"https:\\\/\\\/fujitsu-airstage.be\\\/fr\\\/product\\\/aseh-kmtb\\\/#primaryimage\",\"url\":\"https:\\\/\\\/fujitsu-airstage.be\\\/wp-content\\\/uploads\\\/sites\\\/2\\\/2025\\\/12\\\/KMTB.png\",\"contentUrl\":\"https:\\\/\\\/fujitsu-airstage.be\\\/wp-content\\\/uploads\\\/sites\\\/2\\\/2025\\\/12\\\/KMTB.png\",\"width\":800,\"height\":800},{\"@type\":\"BreadcrumbList\",\"@id\":\"https:\\\/\\\/fujitsu-airstage.be\\\/fr\\\/product\\\/aseh-kmtb\\\/#breadcrumb\",\"itemListElement\":[{\"@type\":\"ListItem\",\"position\":1,\"name\":\"Home\",\"item\":\"https:\\\/\\\/fujitsu-airstage.be\\\/fr\\\/\"},{\"@type\":\"ListItem\",\"position\":2,\"name\":\"Wandmodel\",\"item\":\"https:\\\/\\\/fujitsu-airstage.be\\\/product_cat\\\/wandmodel\\\/\"},{\"@type\":\"ListItem\",\"position\":3,\"name\":\"ASEH KMTB | Mod\u00e8le Mural pour Grands Espaces\"}]},{\"@type\":\"WebSite\",\"@id\":\"https:\\\/\\\/fujitsu-airstage.be\\\/#website\",\"url\":\"https:\\\/\\\/fujitsu-airstage.be\\\/\",\"name\":\"Fujitsu Airstage\",\"description\":\"Le confort en parfait silence\",\"potentialAction\":[{\"@type\":\"SearchAction\",\"target\":{\"@type\":\"EntryPoint\",\"urlTemplate\":\"https:\\\/\\\/fujitsu-airstage.be\\\/?s={search_term_string}\"},\"query-input\":{\"@type\":\"PropertyValueSpecification\",\"valueRequired\":true,\"valueName\":\"search_term_string\"}}],\"inLanguage\":\"fr-FR\"}]}<\/script>\n<!-- \/ Yoast SEO plugin. -->","yoast_head_json":{"title":"ASEH KMTB | Mod\u00e8le Mural pour Grands Espaces - Fujitsu Airstage","description":"Climatiseur mural puissant A++ pour espaces jusqu'\u00e0 100m\u00b2. \u00c9quip\u00e9 d'un capteur de pr\u00e9sence et programmation hebdomadaire pour bureaux.","robots":{"index":"index","follow":"follow","max-snippet":"max-snippet:-1","max-image-preview":"max-image-preview:large","max-video-preview":"max-video-preview:-1"},"canonical":"https:\/\/fujitsu-airstage.be\/fr\/product\/aseh-kmtb\/","og_locale":"fr_FR","og_type":"article","og_title":"ASEH KMTB | Mod\u00e8le Mural pour Grands Espaces - Fujitsu Airstage","og_description":"Climatiseur mural puissant A++ pour espaces jusqu'\u00e0 100m\u00b2. \u00c9quip\u00e9 d'un capteur de pr\u00e9sence et programmation hebdomadaire pour bureaux.","og_url":"https:\/\/fujitsu-airstage.be\/fr\/product\/aseh-kmtb\/","og_site_name":"Fujitsu Airstage","article_modified_time":"2026-01-02T22:16:19+00:00","og_image":[{"width":800,"height":800,"url":"https:\/\/fujitsu-airstage.be\/wp-content\/uploads\/sites\/2\/2025\/12\/KMTB.png","type":"image\/png"}],"twitter_card":"summary_large_image","twitter_misc":{"Dur\u00e9e de lecture estim\u00e9e":"1 minute"},"schema":{"@context":"https:\/\/schema.org","@graph":[{"@type":"WebPage","@id":"https:\/\/fujitsu-airstage.be\/fr\/product\/aseh-kmtb\/","url":"https:\/\/fujitsu-airstage.be\/fr\/product\/aseh-kmtb\/","name":"ASEH KMTB | Mod\u00e8le Mural pour Grands Espaces - Fujitsu Airstage","isPartOf":{"@id":"https:\/\/fujitsu-airstage.be\/#website"},"primaryImageOfPage":{"@id":"https:\/\/fujitsu-airstage.be\/fr\/product\/aseh-kmtb\/#primaryimage"},"image":{"@id":"https:\/\/fujitsu-airstage.be\/fr\/product\/aseh-kmtb\/#primaryimage"},"thumbnailUrl":"https:\/\/fujitsu-airstage.be\/wp-content\/uploads\/sites\/2\/2025\/12\/KMTB.png","datePublished":"2025-12-09T14:28:22+00:00","dateModified":"2026-01-02T22:16:19+00:00","description":"Climatiseur mural puissant A++ pour espaces jusqu'\u00e0 100m\u00b2. \u00c9quip\u00e9 d'un capteur de pr\u00e9sence et programmation hebdomadaire pour bureaux.","breadcrumb":{"@id":"https:\/\/fujitsu-airstage.be\/fr\/product\/aseh-kmtb\/#breadcrumb"},"inLanguage":"fr-FR","potentialAction":[{"@type":"ReadAction","target":["https:\/\/fujitsu-airstage.be\/fr\/product\/aseh-kmtb\/"]}]},{"@type":"ImageObject","inLanguage":"fr-FR","@id":"https:\/\/fujitsu-airstage.be\/fr\/product\/aseh-kmtb\/#primaryimage","url":"https:\/\/fujitsu-airstage.be\/wp-content\/uploads\/sites\/2\/2025\/12\/KMTB.png","contentUrl":"https:\/\/fujitsu-airstage.be\/wp-content\/uploads\/sites\/2\/2025\/12\/KMTB.png","width":800,"height":800},{"@type":"BreadcrumbList","@id":"https:\/\/fujitsu-airstage.be\/fr\/product\/aseh-kmtb\/#breadcrumb","itemListElement":[{"@type":"ListItem","position":1,"name":"Home","item":"https:\/\/fujitsu-airstage.be\/fr\/"},{"@type":"ListItem","position":2,"name":"Wandmodel","item":"https:\/\/fujitsu-airstage.be\/product_cat\/wandmodel\/"},{"@type":"ListItem","position":3,"name":"ASEH KMTB | Mod\u00e8le Mural pour Grands Espaces"}]},{"@type":"WebSite","@id":"https:\/\/fujitsu-airstage.be\/#website","url":"https:\/\/fujitsu-airstage.be\/","name":"Fujitsu Airstage","description":"Le confort en parfait silence","potentialAction":[{"@type":"SearchAction","target":{"@type":"EntryPoint","urlTemplate":"https:\/\/fujitsu-airstage.be\/?s={search_term_string}"},"query-input":{"@type":"PropertyValueSpecification","valueRequired":true,"valueName":"search_term_string"}}],"inLanguage":"fr-FR"}]}},"_links":{"self":[{"href":"https:\/\/fujitsu-airstage.be\/fr\/wp-json\/wp\/v2\/product\/954","targetHints":{"allow":["GET"]}}],"collection":[{"href":"https:\/\/fujitsu-airstage.be\/fr\/wp-json\/wp\/v2\/product"}],"about":[{"href":"https:\/\/fujitsu-airstage.be\/fr\/wp-json\/wp\/v2\/types\/product"}],"author":[{"embeddable":true,"href":"https:\/\/fujitsu-airstage.be\/fr\/wp-json\/wp\/v2\/users\/31"}],"version-history":[{"count":1,"href":"https:\/\/fujitsu-airstage.be\/fr\/wp-json\/wp\/v2\/product\/954\/revisions"}],"predecessor-version":[{"id":1764,"href":"https:\/\/fujitsu-airstage.be\/fr\/wp-json\/wp\/v2\/product\/954\/revisions\/1764"}],"wp:featuredmedia":[{"embeddable":true,"href":"https:\/\/fujitsu-airstage.be\/fr\/wp-json\/wp\/v2\/media\/1681"}],"wp:attachment":[{"href":"https:\/\/fujitsu-airstage.be\/fr\/wp-json\/wp\/v2\/media?parent=954"}],"wp:term":[{"taxonomy":"product_cat","embeddable":true,"href":"https:\/\/fujitsu-airstage.be\/fr\/wp-json\/wp\/v2\/product_cat?post=954"}],"curies":[{"name":"wp","href":"https:\/\/api.w.org\/{rel}","templated":true}]}}