	{"id":1468,"date":"2025-12-22T11:21:36","date_gmt":"2025-12-22T11:21:36","guid":{"rendered":"https:\/\/fujitsu-airstage.be\/product\/woya-klt-unite-exterieure-waterstage\/"},"modified":"2026-01-05T16:41:52","modified_gmt":"2026-01-05T16:41:52","slug":"waterstage-klt","status":"publish","type":"product","link":"https:\/\/fujitsu-airstage.be\/fr\/product\/waterstage-klt\/","title":{"rendered":"WOYA KLT | Unit\u00e9 ext\u00e9rieure Waterstage"},"author":31,"featured_media":1715,"template":"","meta":{"_acf_changed":false},"product_cat":[],"class_list":["post-1468","product","type-product","status-publish","has-post-thumbnail","hentry"],"acf":[],"yoast_head":"<!-- This site is optimized with the Yoast SEO plugin v27.3 - https:\/\/yoast.com\/product\/yoast-seo-wordpress\/ -->\n<title>WOYA KLT | Unit\u00e9 ext\u00e9rieure Waterstage - Fujitsu Airstage<\/title>\n<meta name=\"description\" content=\"Le Waterstage WOYA KLT est une unit\u00e9 ext\u00e9rieure A++ \u00e9co\u00e9nerg\u00e9tique pour pompe \u00e0 chaleur air-eau avec r\u00e9frig\u00e9rant R32.\" \/>\n<meta name=\"robots\" content=\"index, follow, max-snippet:-1, max-image-preview:large, max-video-preview:-1\" \/>\n<link rel=\"canonical\" href=\"https:\/\/fujitsu-airstage.be\/fr\/product\/waterstage-klt\/\" \/>\n<meta property=\"og:locale\" content=\"fr_FR\" \/>\n<meta property=\"og:type\" content=\"article\" \/>\n<meta property=\"og:title\" content=\"WOYA KLT | Unit\u00e9 ext\u00e9rieure Waterstage - Fujitsu Airstage\" \/>\n<meta property=\"og:description\" content=\"Le Waterstage WOYA KLT est une unit\u00e9 ext\u00e9rieure A++ \u00e9co\u00e9nerg\u00e9tique pour pompe \u00e0 chaleur air-eau avec r\u00e9frig\u00e9rant R32.\" \/>\n<meta property=\"og:url\" content=\"https:\/\/fujitsu-airstage.be\/fr\/product\/waterstage-klt\/\" \/>\n<meta property=\"og:site_name\" content=\"Fujitsu Airstage\" \/>\n<meta property=\"article:modified_time\" content=\"2026-01-05T16:41:52+00:00\" \/>\n<meta property=\"og:image\" content=\"https:\/\/fujitsu-airstage.be\/wp-content\/uploads\/sites\/2\/2025\/12\/WOYA-KLT.png\" \/>\n\t<meta property=\"og:image:width\" content=\"800\" \/>\n\t<meta property=\"og:image:height\" content=\"800\" \/>\n\t<meta property=\"og:image:type\" content=\"image\/png\" \/>\n<meta name=\"twitter:card\" content=\"summary_large_image\" \/>\n<meta name=\"twitter:label1\" content=\"Dur\u00e9e de lecture estim\u00e9e\" \/>\n\t<meta name=\"twitter:data1\" content=\"1 minute\" \/>\n<script type=\"application\/ld+json\" class=\"yoast-schema-graph\">{\"@context\":\"https:\\\/\\\/schema.org\",\"@graph\":[{\"@type\":\"WebPage\",\"@id\":\"https:\\\/\\\/fujitsu-airstage.be\\\/fr\\\/product\\\/waterstage-klt\\\/\",\"url\":\"https:\\\/\\\/fujitsu-airstage.be\\\/fr\\\/product\\\/waterstage-klt\\\/\",\"name\":\"WOYA KLT | Unit\u00e9 ext\u00e9rieure Waterstage - Fujitsu Airstage\",\"isPartOf\":{\"@id\":\"https:\\\/\\\/fujitsu-airstage.be\\\/#website\"},\"primaryImageOfPage\":{\"@id\":\"https:\\\/\\\/fujitsu-airstage.be\\\/fr\\\/product\\\/waterstage-klt\\\/#primaryimage\"},\"image\":{\"@id\":\"https:\\\/\\\/fujitsu-airstage.be\\\/fr\\\/product\\\/waterstage-klt\\\/#primaryimage\"},\"thumbnailUrl\":\"https:\\\/\\\/fujitsu-airstage.be\\\/wp-content\\\/uploads\\\/sites\\\/2\\\/2025\\\/12\\\/WOYA-KLT.png\",\"datePublished\":\"2025-12-22T11:21:36+00:00\",\"dateModified\":\"2026-01-05T16:41:52+00:00\",\"description\":\"Le Waterstage WOYA KLT est une unit\u00e9 ext\u00e9rieure A++ \u00e9co\u00e9nerg\u00e9tique pour pompe \u00e0 chaleur air-eau avec r\u00e9frig\u00e9rant R32.\",\"breadcrumb\":{\"@id\":\"https:\\\/\\\/fujitsu-airstage.be\\\/fr\\\/product\\\/waterstage-klt\\\/#breadcrumb\"},\"inLanguage\":\"fr-FR\",\"potentialAction\":[{\"@type\":\"ReadAction\",\"target\":[\"https:\\\/\\\/fujitsu-airstage.be\\\/fr\\\/product\\\/waterstage-klt\\\/\"]}]},{\"@type\":\"ImageObject\",\"inLanguage\":\"fr-FR\",\"@id\":\"https:\\\/\\\/fujitsu-airstage.be\\\/fr\\\/product\\\/waterstage-klt\\\/#primaryimage\",\"url\":\"https:\\\/\\\/fujitsu-airstage.be\\\/wp-content\\\/uploads\\\/sites\\\/2\\\/2025\\\/12\\\/WOYA-KLT.png\",\"contentUrl\":\"https:\\\/\\\/fujitsu-airstage.be\\\/wp-content\\\/uploads\\\/sites\\\/2\\\/2025\\\/12\\\/WOYA-KLT.png\",\"width\":800,\"height\":800},{\"@type\":\"BreadcrumbList\",\"@id\":\"https:\\\/\\\/fujitsu-airstage.be\\\/fr\\\/product\\\/waterstage-klt\\\/#breadcrumb\",\"itemListElement\":[{\"@type\":\"ListItem\",\"position\":1,\"name\":\"Home\",\"item\":\"https:\\\/\\\/fujitsu-airstage.be\\\/fr\\\/\"},{\"@type\":\"ListItem\",\"position\":2,\"name\":\"WOYA KLT | Unit\u00e9 ext\u00e9rieure Waterstage\"}]},{\"@type\":\"WebSite\",\"@id\":\"https:\\\/\\\/fujitsu-airstage.be\\\/#website\",\"url\":\"https:\\\/\\\/fujitsu-airstage.be\\\/\",\"name\":\"Fujitsu Airstage\",\"description\":\"Le confort en parfait silence\",\"potentialAction\":[{\"@type\":\"SearchAction\",\"target\":{\"@type\":\"EntryPoint\",\"urlTemplate\":\"https:\\\/\\\/fujitsu-airstage.be\\\/?s={search_term_string}\"},\"query-input\":{\"@type\":\"PropertyValueSpecification\",\"valueRequired\":true,\"valueName\":\"search_term_string\"}}],\"inLanguage\":\"fr-FR\"}]}<\/script>\n<!-- \/ Yoast SEO plugin. -->","yoast_head_json":{"title":"WOYA KLT | Unit\u00e9 ext\u00e9rieure Waterstage - Fujitsu Airstage","description":"Le Waterstage WOYA KLT est une unit\u00e9 ext\u00e9rieure A++ \u00e9co\u00e9nerg\u00e9tique pour pompe \u00e0 chaleur air-eau avec r\u00e9frig\u00e9rant R32.","robots":{"index":"index","follow":"follow","max-snippet":"max-snippet:-1","max-image-preview":"max-image-preview:large","max-video-preview":"max-video-preview:-1"},"canonical":"https:\/\/fujitsu-airstage.be\/fr\/product\/waterstage-klt\/","og_locale":"fr_FR","og_type":"article","og_title":"WOYA KLT | Unit\u00e9 ext\u00e9rieure Waterstage - Fujitsu Airstage","og_description":"Le Waterstage WOYA KLT est une unit\u00e9 ext\u00e9rieure A++ \u00e9co\u00e9nerg\u00e9tique pour pompe \u00e0 chaleur air-eau avec r\u00e9frig\u00e9rant R32.","og_url":"https:\/\/fujitsu-airstage.be\/fr\/product\/waterstage-klt\/","og_site_name":"Fujitsu Airstage","article_modified_time":"2026-01-05T16:41:52+00:00","og_image":[{"width":800,"height":800,"url":"https:\/\/fujitsu-airstage.be\/wp-content\/uploads\/sites\/2\/2025\/12\/WOYA-KLT.png","type":"image\/png"}],"twitter_card":"summary_large_image","twitter_misc":{"Dur\u00e9e de lecture estim\u00e9e":"1 minute"},"schema":{"@context":"https:\/\/schema.org","@graph":[{"@type":"WebPage","@id":"https:\/\/fujitsu-airstage.be\/fr\/product\/waterstage-klt\/","url":"https:\/\/fujitsu-airstage.be\/fr\/product\/waterstage-klt\/","name":"WOYA KLT | Unit\u00e9 ext\u00e9rieure Waterstage - Fujitsu Airstage","isPartOf":{"@id":"https:\/\/fujitsu-airstage.be\/#website"},"primaryImageOfPage":{"@id":"https:\/\/fujitsu-airstage.be\/fr\/product\/waterstage-klt\/#primaryimage"},"image":{"@id":"https:\/\/fujitsu-airstage.be\/fr\/product\/waterstage-klt\/#primaryimage"},"thumbnailUrl":"https:\/\/fujitsu-airstage.be\/wp-content\/uploads\/sites\/2\/2025\/12\/WOYA-KLT.png","datePublished":"2025-12-22T11:21:36+00:00","dateModified":"2026-01-05T16:41:52+00:00","description":"Le Waterstage WOYA KLT est une unit\u00e9 ext\u00e9rieure A++ \u00e9co\u00e9nerg\u00e9tique pour pompe \u00e0 chaleur air-eau avec r\u00e9frig\u00e9rant R32.","breadcrumb":{"@id":"https:\/\/fujitsu-airstage.be\/fr\/product\/waterstage-klt\/#breadcrumb"},"inLanguage":"fr-FR","potentialAction":[{"@type":"ReadAction","target":["https:\/\/fujitsu-airstage.be\/fr\/product\/waterstage-klt\/"]}]},{"@type":"ImageObject","inLanguage":"fr-FR","@id":"https:\/\/fujitsu-airstage.be\/fr\/product\/waterstage-klt\/#primaryimage","url":"https:\/\/fujitsu-airstage.be\/wp-content\/uploads\/sites\/2\/2025\/12\/WOYA-KLT.png","contentUrl":"https:\/\/fujitsu-airstage.be\/wp-content\/uploads\/sites\/2\/2025\/12\/WOYA-KLT.png","width":800,"height":800},{"@type":"BreadcrumbList","@id":"https:\/\/fujitsu-airstage.be\/fr\/product\/waterstage-klt\/#breadcrumb","itemListElement":[{"@type":"ListItem","position":1,"name":"Home","item":"https:\/\/fujitsu-airstage.be\/fr\/"},{"@type":"ListItem","position":2,"name":"WOYA KLT | Unit\u00e9 ext\u00e9rieure Waterstage"}]},{"@type":"WebSite","@id":"https:\/\/fujitsu-airstage.be\/#website","url":"https:\/\/fujitsu-airstage.be\/","name":"Fujitsu Airstage","description":"Le confort en parfait silence","potentialAction":[{"@type":"SearchAction","target":{"@type":"EntryPoint","urlTemplate":"https:\/\/fujitsu-airstage.be\/?s={search_term_string}"},"query-input":{"@type":"PropertyValueSpecification","valueRequired":true,"valueName":"search_term_string"}}],"inLanguage":"fr-FR"}]}},"_links":{"self":[{"href":"https:\/\/fujitsu-airstage.be\/fr\/wp-json\/wp\/v2\/product\/1468","targetHints":{"allow":["GET"]}}],"collection":[{"href":"https:\/\/fujitsu-airstage.be\/fr\/wp-json\/wp\/v2\/product"}],"about":[{"href":"https:\/\/fujitsu-airstage.be\/fr\/wp-json\/wp\/v2\/types\/product"}],"author":[{"embeddable":true,"href":"https:\/\/fujitsu-airstage.be\/fr\/wp-json\/wp\/v2\/users\/31"}],"version-history":[{"count":2,"href":"https:\/\/fujitsu-airstage.be\/fr\/wp-json\/wp\/v2\/product\/1468\/revisions"}],"predecessor-version":[{"id":1865,"href":"https:\/\/fujitsu-airstage.be\/fr\/wp-json\/wp\/v2\/product\/1468\/revisions\/1865"}],"wp:featuredmedia":[{"embeddable":true,"href":"https:\/\/fujitsu-airstage.be\/fr\/wp-json\/wp\/v2\/media\/1715"}],"wp:attachment":[{"href":"https:\/\/fujitsu-airstage.be\/fr\/wp-json\/wp\/v2\/media?parent=1468"}],"wp:term":[{"taxonomy":"product_cat","embeddable":true,"href":"https:\/\/fujitsu-airstage.be\/fr\/wp-json\/wp\/v2\/product_cat?post=1468"}],"curies":[{"name":"wp","href":"https:\/\/api.w.org\/{rel}","templated":true}]}}