	{"id":1466,"date":"2025-12-22T09:54:42","date_gmt":"2025-12-22T09:54:42","guid":{"rendered":"https:\/\/fujitsu-airstage.be\/product\/wgya-module-hydraulique-avec-boiler-ecs\/"},"modified":"2026-01-05T16:31:09","modified_gmt":"2026-01-05T16:31:09","slug":"wgya","status":"publish","type":"product","link":"https:\/\/fujitsu-airstage.be\/fr\/product\/wgya\/","title":{"rendered":"WGYA | Module hydraulique avec boiler ECS"},"author":31,"featured_media":1713,"template":"","meta":{"_acf_changed":false},"product_cat":[49],"class_list":["post-1466","product","type-product","status-publish","has-post-thumbnail","hentry","product_cat-waterstage"],"acf":[],"yoast_head":"<!-- This site is optimized with the Yoast SEO plugin v27.3 - https:\/\/yoast.com\/product\/yoast-seo-wordpress\/ -->\n<title>WGYA | Module hydraulique avec boiler ECS - Fujitsu Airstage<\/title>\n<meta name=\"description\" content=\"Le Waterstage WGYA est une pompe \u00e0 chaleur air-eau A+++ compl\u00e8te avec boiler ECS int\u00e9gr\u00e9 de 190L. Chauffe fiablement jusqu&#039;\u00e0 -20\u00b0C.\" \/>\n<meta name=\"robots\" content=\"index, follow, max-snippet:-1, max-image-preview:large, max-video-preview:-1\" \/>\n<link rel=\"canonical\" href=\"https:\/\/fujitsu-airstage.be\/fr\/product\/wgya\/\" \/>\n<meta property=\"og:locale\" content=\"fr_FR\" \/>\n<meta property=\"og:type\" content=\"article\" \/>\n<meta property=\"og:title\" content=\"WGYA | Module hydraulique avec boiler ECS - Fujitsu Airstage\" \/>\n<meta property=\"og:description\" content=\"Le Waterstage WGYA est une pompe \u00e0 chaleur air-eau A+++ compl\u00e8te avec boiler ECS int\u00e9gr\u00e9 de 190L. Chauffe fiablement jusqu&#039;\u00e0 -20\u00b0C.\" \/>\n<meta property=\"og:url\" content=\"https:\/\/fujitsu-airstage.be\/fr\/product\/wgya\/\" \/>\n<meta property=\"og:site_name\" content=\"Fujitsu Airstage\" \/>\n<meta property=\"article:modified_time\" content=\"2026-01-05T16:31:09+00:00\" \/>\n<meta property=\"og:image\" content=\"https:\/\/fujitsu-airstage.be\/wp-content\/uploads\/sites\/2\/2025\/12\/WGYA.png\" \/>\n\t<meta property=\"og:image:width\" content=\"800\" \/>\n\t<meta property=\"og:image:height\" content=\"800\" \/>\n\t<meta property=\"og:image:type\" content=\"image\/png\" \/>\n<meta name=\"twitter:card\" content=\"summary_large_image\" \/>\n<meta name=\"twitter:label1\" content=\"Dur\u00e9e de lecture estim\u00e9e\" \/>\n\t<meta name=\"twitter:data1\" content=\"1 minute\" \/>\n<script type=\"application\/ld+json\" class=\"yoast-schema-graph\">{\"@context\":\"https:\\\/\\\/schema.org\",\"@graph\":[{\"@type\":\"WebPage\",\"@id\":\"https:\\\/\\\/fujitsu-airstage.be\\\/fr\\\/product\\\/wgya\\\/\",\"url\":\"https:\\\/\\\/fujitsu-airstage.be\\\/fr\\\/product\\\/wgya\\\/\",\"name\":\"WGYA | Module hydraulique avec boiler ECS - Fujitsu Airstage\",\"isPartOf\":{\"@id\":\"https:\\\/\\\/fujitsu-airstage.be\\\/#website\"},\"primaryImageOfPage\":{\"@id\":\"https:\\\/\\\/fujitsu-airstage.be\\\/fr\\\/product\\\/wgya\\\/#primaryimage\"},\"image\":{\"@id\":\"https:\\\/\\\/fujitsu-airstage.be\\\/fr\\\/product\\\/wgya\\\/#primaryimage\"},\"thumbnailUrl\":\"https:\\\/\\\/fujitsu-airstage.be\\\/wp-content\\\/uploads\\\/sites\\\/2\\\/2025\\\/12\\\/WGYA.png\",\"datePublished\":\"2025-12-22T09:54:42+00:00\",\"dateModified\":\"2026-01-05T16:31:09+00:00\",\"description\":\"Le Waterstage WGYA est une pompe \u00e0 chaleur air-eau A+++ compl\u00e8te avec boiler ECS int\u00e9gr\u00e9 de 190L. Chauffe fiablement jusqu'\u00e0 -20\u00b0C.\",\"breadcrumb\":{\"@id\":\"https:\\\/\\\/fujitsu-airstage.be\\\/fr\\\/product\\\/wgya\\\/#breadcrumb\"},\"inLanguage\":\"fr-FR\",\"potentialAction\":[{\"@type\":\"ReadAction\",\"target\":[\"https:\\\/\\\/fujitsu-airstage.be\\\/fr\\\/product\\\/wgya\\\/\"]}]},{\"@type\":\"ImageObject\",\"inLanguage\":\"fr-FR\",\"@id\":\"https:\\\/\\\/fujitsu-airstage.be\\\/fr\\\/product\\\/wgya\\\/#primaryimage\",\"url\":\"https:\\\/\\\/fujitsu-airstage.be\\\/wp-content\\\/uploads\\\/sites\\\/2\\\/2025\\\/12\\\/WGYA.png\",\"contentUrl\":\"https:\\\/\\\/fujitsu-airstage.be\\\/wp-content\\\/uploads\\\/sites\\\/2\\\/2025\\\/12\\\/WGYA.png\",\"width\":800,\"height\":800},{\"@type\":\"BreadcrumbList\",\"@id\":\"https:\\\/\\\/fujitsu-airstage.be\\\/fr\\\/product\\\/wgya\\\/#breadcrumb\",\"itemListElement\":[{\"@type\":\"ListItem\",\"position\":1,\"name\":\"Home\",\"item\":\"https:\\\/\\\/fujitsu-airstage.be\\\/fr\\\/\"},{\"@type\":\"ListItem\",\"position\":2,\"name\":\"Waterstage\",\"item\":\"https:\\\/\\\/fujitsu-airstage.be\\\/product_cat\\\/waterstage\\\/\"},{\"@type\":\"ListItem\",\"position\":3,\"name\":\"WGYA | Module hydraulique avec boiler ECS\"}]},{\"@type\":\"WebSite\",\"@id\":\"https:\\\/\\\/fujitsu-airstage.be\\\/#website\",\"url\":\"https:\\\/\\\/fujitsu-airstage.be\\\/\",\"name\":\"Fujitsu Airstage\",\"description\":\"Le confort en parfait silence\",\"potentialAction\":[{\"@type\":\"SearchAction\",\"target\":{\"@type\":\"EntryPoint\",\"urlTemplate\":\"https:\\\/\\\/fujitsu-airstage.be\\\/?s={search_term_string}\"},\"query-input\":{\"@type\":\"PropertyValueSpecification\",\"valueRequired\":true,\"valueName\":\"search_term_string\"}}],\"inLanguage\":\"fr-FR\"}]}<\/script>\n<!-- \/ Yoast SEO plugin. -->","yoast_head_json":{"title":"WGYA | Module hydraulique avec boiler ECS - Fujitsu Airstage","description":"Le Waterstage WGYA est une pompe \u00e0 chaleur air-eau A+++ compl\u00e8te avec boiler ECS int\u00e9gr\u00e9 de 190L. Chauffe fiablement jusqu'\u00e0 -20\u00b0C.","robots":{"index":"index","follow":"follow","max-snippet":"max-snippet:-1","max-image-preview":"max-image-preview:large","max-video-preview":"max-video-preview:-1"},"canonical":"https:\/\/fujitsu-airstage.be\/fr\/product\/wgya\/","og_locale":"fr_FR","og_type":"article","og_title":"WGYA | Module hydraulique avec boiler ECS - Fujitsu Airstage","og_description":"Le Waterstage WGYA est une pompe \u00e0 chaleur air-eau A+++ compl\u00e8te avec boiler ECS int\u00e9gr\u00e9 de 190L. Chauffe fiablement jusqu'\u00e0 -20\u00b0C.","og_url":"https:\/\/fujitsu-airstage.be\/fr\/product\/wgya\/","og_site_name":"Fujitsu Airstage","article_modified_time":"2026-01-05T16:31:09+00:00","og_image":[{"width":800,"height":800,"url":"https:\/\/fujitsu-airstage.be\/wp-content\/uploads\/sites\/2\/2025\/12\/WGYA.png","type":"image\/png"}],"twitter_card":"summary_large_image","twitter_misc":{"Dur\u00e9e de lecture estim\u00e9e":"1 minute"},"schema":{"@context":"https:\/\/schema.org","@graph":[{"@type":"WebPage","@id":"https:\/\/fujitsu-airstage.be\/fr\/product\/wgya\/","url":"https:\/\/fujitsu-airstage.be\/fr\/product\/wgya\/","name":"WGYA | Module hydraulique avec boiler ECS - Fujitsu Airstage","isPartOf":{"@id":"https:\/\/fujitsu-airstage.be\/#website"},"primaryImageOfPage":{"@id":"https:\/\/fujitsu-airstage.be\/fr\/product\/wgya\/#primaryimage"},"image":{"@id":"https:\/\/fujitsu-airstage.be\/fr\/product\/wgya\/#primaryimage"},"thumbnailUrl":"https:\/\/fujitsu-airstage.be\/wp-content\/uploads\/sites\/2\/2025\/12\/WGYA.png","datePublished":"2025-12-22T09:54:42+00:00","dateModified":"2026-01-05T16:31:09+00:00","description":"Le Waterstage WGYA est une pompe \u00e0 chaleur air-eau A+++ compl\u00e8te avec boiler ECS int\u00e9gr\u00e9 de 190L. Chauffe fiablement jusqu'\u00e0 -20\u00b0C.","breadcrumb":{"@id":"https:\/\/fujitsu-airstage.be\/fr\/product\/wgya\/#breadcrumb"},"inLanguage":"fr-FR","potentialAction":[{"@type":"ReadAction","target":["https:\/\/fujitsu-airstage.be\/fr\/product\/wgya\/"]}]},{"@type":"ImageObject","inLanguage":"fr-FR","@id":"https:\/\/fujitsu-airstage.be\/fr\/product\/wgya\/#primaryimage","url":"https:\/\/fujitsu-airstage.be\/wp-content\/uploads\/sites\/2\/2025\/12\/WGYA.png","contentUrl":"https:\/\/fujitsu-airstage.be\/wp-content\/uploads\/sites\/2\/2025\/12\/WGYA.png","width":800,"height":800},{"@type":"BreadcrumbList","@id":"https:\/\/fujitsu-airstage.be\/fr\/product\/wgya\/#breadcrumb","itemListElement":[{"@type":"ListItem","position":1,"name":"Home","item":"https:\/\/fujitsu-airstage.be\/fr\/"},{"@type":"ListItem","position":2,"name":"Waterstage","item":"https:\/\/fujitsu-airstage.be\/product_cat\/waterstage\/"},{"@type":"ListItem","position":3,"name":"WGYA | Module hydraulique avec boiler ECS"}]},{"@type":"WebSite","@id":"https:\/\/fujitsu-airstage.be\/#website","url":"https:\/\/fujitsu-airstage.be\/","name":"Fujitsu Airstage","description":"Le confort en parfait silence","potentialAction":[{"@type":"SearchAction","target":{"@type":"EntryPoint","urlTemplate":"https:\/\/fujitsu-airstage.be\/?s={search_term_string}"},"query-input":{"@type":"PropertyValueSpecification","valueRequired":true,"valueName":"search_term_string"}}],"inLanguage":"fr-FR"}]}},"_links":{"self":[{"href":"https:\/\/fujitsu-airstage.be\/fr\/wp-json\/wp\/v2\/product\/1466","targetHints":{"allow":["GET"]}}],"collection":[{"href":"https:\/\/fujitsu-airstage.be\/fr\/wp-json\/wp\/v2\/product"}],"about":[{"href":"https:\/\/fujitsu-airstage.be\/fr\/wp-json\/wp\/v2\/types\/product"}],"author":[{"embeddable":true,"href":"https:\/\/fujitsu-airstage.be\/fr\/wp-json\/wp\/v2\/users\/31"}],"version-history":[{"count":1,"href":"https:\/\/fujitsu-airstage.be\/fr\/wp-json\/wp\/v2\/product\/1466\/revisions"}],"predecessor-version":[{"id":1734,"href":"https:\/\/fujitsu-airstage.be\/fr\/wp-json\/wp\/v2\/product\/1466\/revisions\/1734"}],"wp:featuredmedia":[{"embeddable":true,"href":"https:\/\/fujitsu-airstage.be\/fr\/wp-json\/wp\/v2\/media\/1713"}],"wp:attachment":[{"href":"https:\/\/fujitsu-airstage.be\/fr\/wp-json\/wp\/v2\/media?parent=1466"}],"wp:term":[{"taxonomy":"product_cat","embeddable":true,"href":"https:\/\/fujitsu-airstage.be\/fr\/wp-json\/wp\/v2\/product_cat?post=1466"}],"curies":[{"name":"wp","href":"https:\/\/api.w.org\/{rel}","templated":true}]}}