	{"id":1451,"date":"2025-12-22T12:38:06","date_gmt":"2025-12-22T12:38:06","guid":{"rendered":"https:\/\/fujitsu-airstage.be\/product\/arxh-kmtap-fujitsu-airstage-modele-gainable\/"},"modified":"2025-12-30T18:46:10","modified_gmt":"2025-12-30T18:46:10","slug":"arxh-kmtap","status":"publish","type":"product","link":"https:\/\/fujitsu-airstage.be\/fr\/product\/arxh-kmtap\/","title":{"rendered":"ARXH KMTAP | Fujitsu Airstage Mod\u00e8le gainable"},"author":31,"featured_media":1692,"template":"","meta":{"_acf_changed":false},"product_cat":[52],"class_list":["post-1451","product","type-product","status-publish","has-post-thumbnail","hentry","product_cat-modele-gainable"],"acf":[],"yoast_head":"<!-- This site is optimized with the Yoast SEO plugin v27.3 - https:\/\/yoast.com\/product\/yoast-seo-wordpress\/ -->\n<title>ARXH KMTAP | Fujitsu Airstage Mod\u00e8le gainable - Fujitsu Airstage<\/title>\n<meta name=\"description\" content=\"Mod\u00e8le gainable A++ avec hauteur d&#039;encastrement de seulement 24cm. Id\u00e9al pour bureaux et espaces commerciaux de 50-150m\u00b2.\" \/>\n<meta name=\"robots\" content=\"index, follow, max-snippet:-1, max-image-preview:large, max-video-preview:-1\" \/>\n<link rel=\"canonical\" href=\"https:\/\/fujitsu-airstage.be\/fr\/product\/arxh-kmtap\/\" \/>\n<meta property=\"og:locale\" content=\"fr_FR\" \/>\n<meta property=\"og:type\" content=\"article\" \/>\n<meta property=\"og:title\" content=\"ARXH KMTAP | Fujitsu Airstage Mod\u00e8le gainable - Fujitsu Airstage\" \/>\n<meta property=\"og:description\" content=\"Mod\u00e8le gainable A++ avec hauteur d&#039;encastrement de seulement 24cm. Id\u00e9al pour bureaux et espaces commerciaux de 50-150m\u00b2.\" \/>\n<meta property=\"og:url\" content=\"https:\/\/fujitsu-airstage.be\/fr\/product\/arxh-kmtap\/\" \/>\n<meta property=\"og:site_name\" content=\"Fujitsu Airstage\" \/>\n<meta property=\"article:modified_time\" content=\"2025-12-30T18:46:10+00:00\" \/>\n<meta property=\"og:image\" content=\"https:\/\/fujitsu-airstage.be\/wp-content\/uploads\/sites\/2\/2025\/12\/KMTAP.png\" \/>\n\t<meta property=\"og:image:width\" content=\"800\" \/>\n\t<meta property=\"og:image:height\" content=\"800\" \/>\n\t<meta property=\"og:image:type\" content=\"image\/png\" \/>\n<meta name=\"twitter:card\" content=\"summary_large_image\" \/>\n<meta name=\"twitter:label1\" content=\"Dur\u00e9e de lecture estim\u00e9e\" \/>\n\t<meta name=\"twitter:data1\" content=\"1 minute\" \/>\n<script type=\"application\/ld+json\" class=\"yoast-schema-graph\">{\"@context\":\"https:\\\/\\\/schema.org\",\"@graph\":[{\"@type\":\"WebPage\",\"@id\":\"https:\\\/\\\/fujitsu-airstage.be\\\/fr\\\/product\\\/arxh-kmtap\\\/\",\"url\":\"https:\\\/\\\/fujitsu-airstage.be\\\/fr\\\/product\\\/arxh-kmtap\\\/\",\"name\":\"ARXH KMTAP | Fujitsu Airstage Mod\u00e8le gainable - Fujitsu Airstage\",\"isPartOf\":{\"@id\":\"https:\\\/\\\/fujitsu-airstage.be\\\/#website\"},\"primaryImageOfPage\":{\"@id\":\"https:\\\/\\\/fujitsu-airstage.be\\\/fr\\\/product\\\/arxh-kmtap\\\/#primaryimage\"},\"image\":{\"@id\":\"https:\\\/\\\/fujitsu-airstage.be\\\/fr\\\/product\\\/arxh-kmtap\\\/#primaryimage\"},\"thumbnailUrl\":\"https:\\\/\\\/fujitsu-airstage.be\\\/wp-content\\\/uploads\\\/sites\\\/2\\\/2025\\\/12\\\/KMTAP.png\",\"datePublished\":\"2025-12-22T12:38:06+00:00\",\"dateModified\":\"2025-12-30T18:46:10+00:00\",\"description\":\"Mod\u00e8le gainable A++ avec hauteur d'encastrement de seulement 24cm. Id\u00e9al pour bureaux et espaces commerciaux de 50-150m\u00b2.\",\"breadcrumb\":{\"@id\":\"https:\\\/\\\/fujitsu-airstage.be\\\/fr\\\/product\\\/arxh-kmtap\\\/#breadcrumb\"},\"inLanguage\":\"fr-FR\",\"potentialAction\":[{\"@type\":\"ReadAction\",\"target\":[\"https:\\\/\\\/fujitsu-airstage.be\\\/fr\\\/product\\\/arxh-kmtap\\\/\"]}]},{\"@type\":\"ImageObject\",\"inLanguage\":\"fr-FR\",\"@id\":\"https:\\\/\\\/fujitsu-airstage.be\\\/fr\\\/product\\\/arxh-kmtap\\\/#primaryimage\",\"url\":\"https:\\\/\\\/fujitsu-airstage.be\\\/wp-content\\\/uploads\\\/sites\\\/2\\\/2025\\\/12\\\/KMTAP.png\",\"contentUrl\":\"https:\\\/\\\/fujitsu-airstage.be\\\/wp-content\\\/uploads\\\/sites\\\/2\\\/2025\\\/12\\\/KMTAP.png\",\"width\":800,\"height\":800},{\"@type\":\"BreadcrumbList\",\"@id\":\"https:\\\/\\\/fujitsu-airstage.be\\\/fr\\\/product\\\/arxh-kmtap\\\/#breadcrumb\",\"itemListElement\":[{\"@type\":\"ListItem\",\"position\":1,\"name\":\"Home\",\"item\":\"https:\\\/\\\/fujitsu-airstage.be\\\/fr\\\/\"},{\"@type\":\"ListItem\",\"position\":2,\"name\":\"Kanaalmodel\",\"item\":\"https:\\\/\\\/fujitsu-airstage.be\\\/product_cat\\\/kanaalmodel\\\/\"},{\"@type\":\"ListItem\",\"position\":3,\"name\":\"ARXH KMTAP | Fujitsu Airstage Mod\u00e8le gainable\"}]},{\"@type\":\"WebSite\",\"@id\":\"https:\\\/\\\/fujitsu-airstage.be\\\/#website\",\"url\":\"https:\\\/\\\/fujitsu-airstage.be\\\/\",\"name\":\"Fujitsu Airstage\",\"description\":\"Le confort en parfait silence\",\"potentialAction\":[{\"@type\":\"SearchAction\",\"target\":{\"@type\":\"EntryPoint\",\"urlTemplate\":\"https:\\\/\\\/fujitsu-airstage.be\\\/?s={search_term_string}\"},\"query-input\":{\"@type\":\"PropertyValueSpecification\",\"valueRequired\":true,\"valueName\":\"search_term_string\"}}],\"inLanguage\":\"fr-FR\"}]}<\/script>\n<!-- \/ Yoast SEO plugin. -->","yoast_head_json":{"title":"ARXH KMTAP | Fujitsu Airstage Mod\u00e8le gainable - Fujitsu Airstage","description":"Mod\u00e8le gainable A++ avec hauteur d'encastrement de seulement 24cm. Id\u00e9al pour bureaux et espaces commerciaux de 50-150m\u00b2.","robots":{"index":"index","follow":"follow","max-snippet":"max-snippet:-1","max-image-preview":"max-image-preview:large","max-video-preview":"max-video-preview:-1"},"canonical":"https:\/\/fujitsu-airstage.be\/fr\/product\/arxh-kmtap\/","og_locale":"fr_FR","og_type":"article","og_title":"ARXH KMTAP | Fujitsu Airstage Mod\u00e8le gainable - Fujitsu Airstage","og_description":"Mod\u00e8le gainable A++ avec hauteur d'encastrement de seulement 24cm. Id\u00e9al pour bureaux et espaces commerciaux de 50-150m\u00b2.","og_url":"https:\/\/fujitsu-airstage.be\/fr\/product\/arxh-kmtap\/","og_site_name":"Fujitsu Airstage","article_modified_time":"2025-12-30T18:46:10+00:00","og_image":[{"width":800,"height":800,"url":"https:\/\/fujitsu-airstage.be\/wp-content\/uploads\/sites\/2\/2025\/12\/KMTAP.png","type":"image\/png"}],"twitter_card":"summary_large_image","twitter_misc":{"Dur\u00e9e de lecture estim\u00e9e":"1 minute"},"schema":{"@context":"https:\/\/schema.org","@graph":[{"@type":"WebPage","@id":"https:\/\/fujitsu-airstage.be\/fr\/product\/arxh-kmtap\/","url":"https:\/\/fujitsu-airstage.be\/fr\/product\/arxh-kmtap\/","name":"ARXH KMTAP | Fujitsu Airstage Mod\u00e8le gainable - Fujitsu Airstage","isPartOf":{"@id":"https:\/\/fujitsu-airstage.be\/#website"},"primaryImageOfPage":{"@id":"https:\/\/fujitsu-airstage.be\/fr\/product\/arxh-kmtap\/#primaryimage"},"image":{"@id":"https:\/\/fujitsu-airstage.be\/fr\/product\/arxh-kmtap\/#primaryimage"},"thumbnailUrl":"https:\/\/fujitsu-airstage.be\/wp-content\/uploads\/sites\/2\/2025\/12\/KMTAP.png","datePublished":"2025-12-22T12:38:06+00:00","dateModified":"2025-12-30T18:46:10+00:00","description":"Mod\u00e8le gainable A++ avec hauteur d'encastrement de seulement 24cm. Id\u00e9al pour bureaux et espaces commerciaux de 50-150m\u00b2.","breadcrumb":{"@id":"https:\/\/fujitsu-airstage.be\/fr\/product\/arxh-kmtap\/#breadcrumb"},"inLanguage":"fr-FR","potentialAction":[{"@type":"ReadAction","target":["https:\/\/fujitsu-airstage.be\/fr\/product\/arxh-kmtap\/"]}]},{"@type":"ImageObject","inLanguage":"fr-FR","@id":"https:\/\/fujitsu-airstage.be\/fr\/product\/arxh-kmtap\/#primaryimage","url":"https:\/\/fujitsu-airstage.be\/wp-content\/uploads\/sites\/2\/2025\/12\/KMTAP.png","contentUrl":"https:\/\/fujitsu-airstage.be\/wp-content\/uploads\/sites\/2\/2025\/12\/KMTAP.png","width":800,"height":800},{"@type":"BreadcrumbList","@id":"https:\/\/fujitsu-airstage.be\/fr\/product\/arxh-kmtap\/#breadcrumb","itemListElement":[{"@type":"ListItem","position":1,"name":"Home","item":"https:\/\/fujitsu-airstage.be\/fr\/"},{"@type":"ListItem","position":2,"name":"Kanaalmodel","item":"https:\/\/fujitsu-airstage.be\/product_cat\/kanaalmodel\/"},{"@type":"ListItem","position":3,"name":"ARXH KMTAP | Fujitsu Airstage Mod\u00e8le gainable"}]},{"@type":"WebSite","@id":"https:\/\/fujitsu-airstage.be\/#website","url":"https:\/\/fujitsu-airstage.be\/","name":"Fujitsu Airstage","description":"Le confort en parfait silence","potentialAction":[{"@type":"SearchAction","target":{"@type":"EntryPoint","urlTemplate":"https:\/\/fujitsu-airstage.be\/?s={search_term_string}"},"query-input":{"@type":"PropertyValueSpecification","valueRequired":true,"valueName":"search_term_string"}}],"inLanguage":"fr-FR"}]}},"_links":{"self":[{"href":"https:\/\/fujitsu-airstage.be\/fr\/wp-json\/wp\/v2\/product\/1451","targetHints":{"allow":["GET"]}}],"collection":[{"href":"https:\/\/fujitsu-airstage.be\/fr\/wp-json\/wp\/v2\/product"}],"about":[{"href":"https:\/\/fujitsu-airstage.be\/fr\/wp-json\/wp\/v2\/types\/product"}],"author":[{"embeddable":true,"href":"https:\/\/fujitsu-airstage.be\/fr\/wp-json\/wp\/v2\/users\/31"}],"version-history":[{"count":1,"href":"https:\/\/fujitsu-airstage.be\/fr\/wp-json\/wp\/v2\/product\/1451\/revisions"}],"predecessor-version":[{"id":1481,"href":"https:\/\/fujitsu-airstage.be\/fr\/wp-json\/wp\/v2\/product\/1451\/revisions\/1481"}],"wp:featuredmedia":[{"embeddable":true,"href":"https:\/\/fujitsu-airstage.be\/fr\/wp-json\/wp\/v2\/media\/1692"}],"wp:attachment":[{"href":"https:\/\/fujitsu-airstage.be\/fr\/wp-json\/wp\/v2\/media?parent=1451"}],"wp:term":[{"taxonomy":"product_cat","embeddable":true,"href":"https:\/\/fujitsu-airstage.be\/fr\/wp-json\/wp\/v2\/product_cat?post=1451"}],"curies":[{"name":"wp","href":"https:\/\/api.w.org\/{rel}","templated":true}]}}